{"id":529,"date":"2018-02-15T02:55:30","date_gmt":"2018-02-15T02:55:30","guid":{"rendered":"http:\/\/sw-themes.com\/porto_dummy\/?page_id=529"},"modified":"2026-04-23T17:24:57","modified_gmt":"2026-04-23T17:24:57","slug":"elisihediyem-2","status":"publish","type":"page","link":"https:\/\/elisihediyem.com\/index.php\/elisihediyem-2\/","title":{"rendered":"Elisihediyem | El \u0130\u015fi \u00dcr\u00fcnler, Ev Tekstili ve Hediyelik E\u015fya"},"content":{"rendered":"\t\t<div data-elementor-type=\"wp-page\" data-elementor-id=\"529\" class=\"elementor elementor-529\" data-elementor-post-type=\"page\">\n\t\t\t\t\t\t<section class=\"elementor-section elementor-top-section elementor-element elementor-element-df401f4 elementor-section-full_width space-xlg elementor-section-height-default elementor-section-height-default\" data-id=\"df401f4\" data-element_type=\"section\" data-e-type=\"section\">\r\n\t\t\r\n\t\t\t\t\t\t\t<div class=\"elementor-container elementor-column-gap-default\">\r\n\t\t\t\t\t\t\t\t\t\t\t<div class=\"elementor-column elementor-col-100 elementor-top-column elementor-element elementor-element-226e2bc\" data-id=\"226e2bc\" data-element_type=\"column\" data-e-type=\"column\">\r\n\t\t\t\t\t<div class=\"elementor-widget-wrap elementor-element-populated\">\r\n\t\t\t\t\t\t\t\t<div class=\"elementor-element elementor-element-2ee541a m-b-xlg elementor-widget elementor-widget-heading\" data-id=\"2ee541a\" data-element_type=\"widget\" data-e-type=\"widget\" data-widget_type=\"heading.default\">\n\t\t\t\t\t<h2 class=\"elementor-heading-title elementor-size-default\">HAKKIMIZDA<\/h2>\t\t\t\t<\/div>\n\t\t\t\t<div class=\"elementor-section elementor-inner-section elementor-element elementor-element-baf071e elementor-section-full_width elementor-section-height-default elementor-section-height-default\" data-id=\"baf071e\" data-element_type=\"section\" data-e-type=\"section\">\r\n\t\t\r\n\t\t\t\t\t\t\t<div class=\"elementor-container elementor-column-gap-default\">\r\n\t\t\t\t\t\t\t\t\t\t\t<div class=\"elementor-column elementor-col-100 elementor-inner-column elementor-element elementor-element-32942ca\" data-id=\"32942ca\" data-element_type=\"column\" data-e-type=\"column\">\r\n\t\t\t\t\t<div class=\"elementor-widget-wrap\">\r\n\t\t\t\t\t\t\t\t\t<\/div>\r\n\t\t\t\t<\/div>\r\n\t\t\t\t\t<\/div>\r\n\t\t\t\t<\/div>\r\n\t\t\t\t<section class=\"elementor-section elementor-inner-section elementor-element elementor-element-448943d elementor-section-full_width elementor-section-height-default elementor-section-height-default\" data-id=\"448943d\" data-element_type=\"section\" data-e-type=\"section\">\r\n\t\t\r\n\t\t\t\t\t\t\t<div class=\"elementor-container elementor-column-gap-default\">\r\n\t\t\t\t\t\t\t\t\t\t\t<div class=\"elementor-column elementor-col-50 elementor-inner-column elementor-element elementor-element-4060cd5\" data-id=\"4060cd5\" data-element_type=\"column\" data-e-type=\"column\">\r\n\t\t\t\t\t<div class=\"elementor-widget-wrap elementor-element-populated\">\r\n\t\t\t\t\t\t\t\t<div class=\"elementor-element elementor-element-ef8305d elementor-pagination-position-outside elementor-widget elementor-widget-image-carousel\" data-id=\"ef8305d\" data-element_type=\"widget\" data-e-type=\"widget\" data-settings=\"{&quot;slides_to_show&quot;:&quot;1&quot;,&quot;navigation&quot;:&quot;dots&quot;,&quot;autoplay&quot;:&quot;no&quot;,&quot;infinite&quot;:&quot;no&quot;,&quot;effect&quot;:&quot;slide&quot;,&quot;speed&quot;:500}\" data-widget_type=\"image-carousel.default\">\n\t\t\t\t\t\t\t<div class=\"elementor-image-carousel-wrapper swiper\" role=\"region\" aria-roledescription=\"carousel\" aria-label=\"Resim D\u00f6ng\u00fcs\u00fc\" dir=\"ltr\">\n\t\t\t<div class=\"elementor-image-carousel swiper-wrapper swiper-image-stretch\" aria-live=\"polite\">\n\t\t\t\t\t\t\t\t<div class=\"swiper-slide\" role=\"group\" aria-roledescription=\"slide\" aria-label=\"1 \/ 1\"><figure class=\"swiper-slide-inner\"><img decoding=\"async\" class=\"swiper-slide-image\" src=\"https:\/\/elisihediyem.com\/wp-content\/uploads\/2025\/12\/d913af6b-e3de-401c-a97f-4597c6278a85-1-e1765867464289.png\" alt=\"d913af6b-e3de-401c-a97f-4597c6278a85 (1)\" \/><\/figure><\/div>\t\t\t<\/div>\n\t\t\t\t\t<\/div>\n\t\t\t\t\t\t<\/div>\n\t\t\t\t\t<\/div>\r\n\t\t\t\t<\/div>\r\n\t\t\t\t<div class=\"elementor-column elementor-col-50 elementor-inner-column elementor-element elementor-element-82e4705\" data-id=\"82e4705\" data-element_type=\"column\" data-e-type=\"column\">\r\n\t\t\t\t\t<div class=\"elementor-widget-wrap elementor-element-populated\">\r\n\t\t\t\t\t\t\t\t<div class=\"elementor-element elementor-element-0f81acc p-t-sm m-b elementor-widget elementor-widget-heading\" data-id=\"0f81acc\" data-element_type=\"widget\" data-e-type=\"widget\" data-widget_type=\"heading.default\">\n\t\t\t\t\t<h3 class=\"elementor-heading-title elementor-size-default\">2022<\/h3>\t\t\t\t<\/div>\n\t\t\t\t<div class=\"elementor-element elementor-element-ed6ee4c elementor-widget elementor-widget-text-editor\" data-id=\"ed6ee4c\" data-element_type=\"widget\" data-e-type=\"widget\" data-widget_type=\"text-editor.default\">\n\t\t\t\t\t\t\t\t\t<h3 data-section-id=\"agwhb1\" data-start=\"107\" data-end=\"121\">Hakk\u0131m\u0131zda<\/h3><p data-start=\"123\" data-end=\"389\"><strong data-start=\"123\" data-end=\"143\">Elisihediyem.com<\/strong>, el eme\u011fi ve \u00f6zg\u00fcn tasar\u0131mlar\u0131 sevenler i\u00e7in kurulmu\u015f bir e-ticaret platformudur. Amac\u0131m\u0131z; kaliteli, estetik ve kullan\u0131\u015fl\u0131 <strong data-start=\"268\" data-end=\"287\">el i\u015fi \u00fcr\u00fcnleri<\/strong>, <strong data-start=\"289\" data-end=\"313\">ev tekstili \u00fcr\u00fcnleri<\/strong> ve <strong data-start=\"317\" data-end=\"349\">dekoratif hediyelik e\u015fyalar\u0131<\/strong> uygun fiyatlarla sizlere ula\u015ft\u0131rmakt\u0131r.<\/p><p data-start=\"391\" data-end=\"656\">El i\u015fi \u00fcr\u00fcnler; sab\u0131r, emek ve yarat\u0131c\u0131l\u0131\u011f\u0131n birle\u015fimidir. Biz de Elisihediyem olarak, bu de\u011feri koruyarak \u00f6zenle haz\u0131rlanm\u0131\u015f <strong data-start=\"517\" data-end=\"526\">supla<\/strong>, <strong data-start=\"528\" data-end=\"547\">amerikan servis<\/strong>, <strong data-start=\"549\" data-end=\"564\">masa \u00f6rt\u00fcs\u00fc<\/strong>, <strong data-start=\"566\" data-end=\"576\">paspas<\/strong> ve daha bir\u00e7ok <strong data-start=\"592\" data-end=\"615\">ev dekorasyon \u00fcr\u00fcn\u00fc<\/strong> ile ya\u015fam alanlar\u0131n\u0131za \u015f\u0131kl\u0131k kat\u0131yoruz.<\/p><p data-start=\"658\" data-end=\"873\">M\u00fc\u015fteri memnuniyetini \u00f6n planda tutan hizmet anlay\u0131\u015f\u0131m\u0131zla; g\u00fcvenli al\u0131\u015fveri\u015f, h\u0131zl\u0131 kargo ve kaliteli \u00fcr\u00fcn garantisi sunuyoruz. \u00dcr\u00fcnlerimizin tamam\u0131 detayl\u0131 kalite kontrol s\u00fcre\u00e7lerinden ge\u00e7erek sizlere ula\u015ft\u0131r\u0131l\u0131r.<\/p><h4 data-start=\"875\" data-end=\"903\">Neden Elisihediyem.com?<\/h4><ul data-start=\"904\" data-end=\"1090\"><li data-section-id=\"mcfj3a\" data-start=\"904\" data-end=\"936\">El eme\u011fi ve \u00f6zg\u00fcn tasar\u0131mlar<\/li><li data-section-id=\"i25lqw\" data-start=\"937\" data-end=\"983\">Kaliteli ve dayan\u0131kl\u0131 ev tekstili \u00fcr\u00fcnleri<\/li><li data-section-id=\"7om8yx\" data-start=\"984\" data-end=\"1019\">Uygun fiyatl\u0131 hediyelik e\u015fyalar<\/li><li data-section-id=\"mmtuti\" data-start=\"1020\" data-end=\"1055\">G\u00fcvenli \u00f6deme ve h\u0131zl\u0131 teslimat<\/li><li data-section-id=\"123ui9f\" data-start=\"1056\" data-end=\"1090\">M\u00fc\u015fteri odakl\u0131 hizmet anlay\u0131\u015f\u0131<\/li><\/ul><p data-start=\"1092\" data-end=\"1329\"><strong data-start=\"1092\" data-end=\"1112\">Elisihediyem.com<\/strong>, hem kendiniz hem de sevdikleriniz i\u00e7in anlaml\u0131 ve \u015f\u0131k \u00fcr\u00fcnler bulabilece\u011finiz g\u00fcvenilir bir al\u0131\u015fveri\u015f adresidir. El i\u015fi \u00fcr\u00fcnler ve ev dekorasyonunda fark yaratmak i\u00e7in sizleri de aram\u0131zda g\u00f6rmekten mutluluk duyar\u0131z.<\/p>\t\t\t\t\t\t\t\t<\/div>\n\t\t\t\t\t<\/div>\r\n\t\t\t\t<\/div>\r\n\t\t\t\t\t<\/div>\r\n\t\t\t\t<\/section>\r\n\t\t\t\t\t<\/div>\r\n\t\t\t\t<\/div>\r\n\t\t\t\t\t<\/div>\r\n\t\t\t\t<\/section>\r\n\t\t\t\t<\/div>\n\t\t","protected":false},"excerpt":{"rendered":"<p>HAKKIMIZDA 2022 Hakk\u0131m\u0131zda Elisihediyem.com, el eme\u011fi ve \u00f6zg\u00fcn tasar\u0131mlar\u0131 sevenler i\u00e7in kurulmu\u015f bir e-ticaret platformudur. Amac\u0131m\u0131z; kaliteli, estetik ve kullan\u0131\u015fl\u0131 el i\u015fi \u00fcr\u00fcnleri, ev tekstili \u00fcr\u00fcnleri ve dekoratif hediyelik e\u015fyalar\u0131 uygun fiyatlarla sizlere ula\u015ft\u0131rmakt\u0131r. El i\u015fi \u00fcr\u00fcnler; sab\u0131r, emek ve yarat\u0131c\u0131l\u0131\u011f\u0131n birle\u015fimidir. Biz de Elisihediyem olarak, bu de\u011feri koruyarak \u00f6zenle haz\u0131rlanm\u0131\u015f supla, amerikan servis, masa [&hellip;]<\/p>\n","protected":false},"author":2,"featured_media":0,"parent":0,"menu_order":0,"comment_status":"closed","ping_status":"closed","template":"","meta":{"_acf_changed":false,"footnotes":""},"class_list":["post-529","page","type-page","status-publish","hentry"],"acf":[],"_links":{"self":[{"href":"https:\/\/elisihediyem.com\/index.php\/wp-json\/wp\/v2\/pages\/529","targetHints":{"allow":["GET"]}}],"collection":[{"href":"https:\/\/elisihediyem.com\/index.php\/wp-json\/wp\/v2\/pages"}],"about":[{"href":"https:\/\/elisihediyem.com\/index.php\/wp-json\/wp\/v2\/types\/page"}],"author":[{"embeddable":true,"href":"https:\/\/elisihediyem.com\/index.php\/wp-json\/wp\/v2\/users\/2"}],"replies":[{"embeddable":true,"href":"https:\/\/elisihediyem.com\/index.php\/wp-json\/wp\/v2\/comments?post=529"}],"version-history":[{"count":5,"href":"https:\/\/elisihediyem.com\/index.php\/wp-json\/wp\/v2\/pages\/529\/revisions"}],"predecessor-version":[{"id":28671,"href":"https:\/\/elisihediyem.com\/index.php\/wp-json\/wp\/v2\/pages\/529\/revisions\/28671"}],"wp:attachment":[{"href":"https:\/\/elisihediyem.com\/index.php\/wp-json\/wp\/v2\/media?parent=529"}],"curies":[{"name":"wp","href":"https:\/\/api.w.org\/{rel}","templated":true}]}}