{"id":1151,"date":"2024-10-15T22:38:05","date_gmt":"2024-10-15T22:38:05","guid":{"rendered":"https:\/\/elisihediyem.com\/?post_type=product&#038;p=1151"},"modified":"2025-12-31T12:32:02","modified_gmt":"2025-12-31T12:32:02","slug":"amerikan-servis-supla-takimi-4","status":"publish","type":"product","link":"https:\/\/elisihediyem.com\/index.php\/urun\/amerikan-servis-supla-takimi-4\/","title":{"rendered":"Amerikan Servis Supla Tak\u0131m\u0131"},"content":{"rendered":"<p>&nbsp;<\/p>\n<ul>\n<li>9 par\u00e7adan olu\u015fmaktad\u0131r<\/li>\n<li>Kaliteli j\u00fct ipten el yap\u0131m\u0131d\u0131r<\/li>\n<li>\u00c7ama\u015f\u0131r makinesinde y\u0131kanabilir(L\u00fctfen d\u00fc\u015f\u00fck devir ve 40 derece s\u0131cakl\u0131kta y\u0131kay\u0131n\u0131z)<\/li>\n<li>Renklerde solma yapmaz. Piyasada bulunan ucuz ithal fabrikasyon \u00fcr\u00fcnlerle kar\u0131\u015ft\u0131rmay\u0131n.<\/li>\n<\/ul>\n<p>Tak\u0131m i\u00e7eri\u011fi:<\/p>\n<ul>\n<li>6&#8217;l\u0131 supla tabak altl\u0131\u011f\u0131.<\/li>\n<li>1 adet Ekmek Sepeti<\/li>\n<li>1 adet Nihale<\/li>\n<li>1 adet Pe\u00e7etelik<\/li>\n<\/ul>\n<p>&nbsp;<\/p>\n","protected":false},"excerpt":{"rendered":"<p>&nbsp;<\/p>\n<ul>\n<li>9 par\u00e7adan olu\u015fmaktad\u0131r<\/li>\n<li>Kaliteli j\u00fct ipten el yap\u0131m\u0131d\u0131r<\/li>\n<li>\u00c7ama\u015f\u0131r makinesinde y\u0131kanabilir(L\u00fctfen d\u00fc\u015f\u00fck devir ve 40 derece s\u0131cakl\u0131kta y\u0131kay\u0131n\u0131z)<\/li>\n<li>Renklerde solma yapmaz. Piyasada bulunan ucuz ithal fabrikasyon \u00fcr\u00fcnlerle kar\u0131\u015ft\u0131rmay\u0131n.<\/li>\n<\/ul>\n<p>Tak\u0131m i\u00e7eri\u011fi:<\/p>\n<ul>\n<li>6&#8217;l\u0131 supla tabak altl\u0131\u011f\u0131.<\/li>\n<li>1 adet Ekmek Sepeti<\/li>\n<li>1 adet Nihale<\/li>\n<li>1 adet Pe\u00e7etelik<\/li>\n<\/ul>\n<p>&nbsp;<\/p>\n","protected":false},"featured_media":1185,"template":"","meta":{"_acf_changed":false},"product_brand":[],"product_cat":[52],"product_tag":[],"class_list":{"0":"post-1151","1":"product","2":"type-product","3":"status-publish","4":"has-post-thumbnail","6":"product_cat-suplarunner","8":"first","9":"instock","10":"taxable","11":"shipping-taxable","12":"purchasable","13":"product-type-simple"},"acf":[],"_links":{"self":[{"href":"https:\/\/elisihediyem.com\/index.php\/wp-json\/wp\/v2\/product\/1151","targetHints":{"allow":["GET"]}}],"collection":[{"href":"https:\/\/elisihediyem.com\/index.php\/wp-json\/wp\/v2\/product"}],"about":[{"href":"https:\/\/elisihediyem.com\/index.php\/wp-json\/wp\/v2\/types\/product"}],"version-history":[{"count":1,"href":"https:\/\/elisihediyem.com\/index.php\/wp-json\/wp\/v2\/product\/1151\/revisions"}],"predecessor-version":[{"id":2560,"href":"https:\/\/elisihediyem.com\/index.php\/wp-json\/wp\/v2\/product\/1151\/revisions\/2560"}],"wp:featuredmedia":[{"embeddable":true,"href":"https:\/\/elisihediyem.com\/index.php\/wp-json\/wp\/v2\/media\/1185"}],"wp:attachment":[{"href":"https:\/\/elisihediyem.com\/index.php\/wp-json\/wp\/v2\/media?parent=1151"}],"wp:term":[{"taxonomy":"product_brand","embeddable":true,"href":"https:\/\/elisihediyem.com\/index.php\/wp-json\/wp\/v2\/product_brand?post=1151"},{"taxonomy":"product_cat","embeddable":true,"href":"https:\/\/elisihediyem.com\/index.php\/wp-json\/wp\/v2\/product_cat?post=1151"},{"taxonomy":"product_tag","embeddable":true,"href":"https:\/\/elisihediyem.com\/index.php\/wp-json\/wp\/v2\/product_tag?post=1151"}],"curies":[{"name":"wp","href":"https:\/\/api.w.org\/{rel}","templated":true}]}}