{"id":1164,"date":"2024-10-15T22:38:07","date_gmt":"2024-10-15T22:38:07","guid":{"rendered":"https:\/\/elisihediyem.com\/?post_type=product&#038;p=1164"},"modified":"2025-08-27T19:31:11","modified_gmt":"2025-08-27T19:31:11","slug":"kadin-canta-kol-omuz-cantasi-2","status":"publish","type":"product","link":"https:\/\/elisihediyem.com\/index.php\/urun\/kadin-canta-kol-omuz-cantasi-2\/","title":{"rendered":"Kad\u0131n \u00c7anta Kol Omuz \u00c7antas\u0131"},"content":{"rendered":"<p>Tress ipten Makinede Dikilerek Elde \u00dcretilmistir.<\/p>\n<div>\n<p>30 derecede hassas y\u0131kama yap\u0131labilir.<\/p>\n<div>\n<div>\n<p>Sa\u011fl\u0131\u011fa zararl\u0131 hi\u00e7 bir malzeme kullan\u0131lmam\u0131\u015ft\u0131r.<\/p>\n<div>Tamamen El Eme\u011fi ile Haz\u0131rlanm\u0131\u015ft\u0131r.<\/div>\n<\/div>\n<\/div>\n<\/div>\n","protected":false},"excerpt":{"rendered":"<p>Tress ipten Makinede Dikilerek Elde \u00dcretilmistir. 30 derecede hassas y\u0131kama yap\u0131labilir. Sa\u011fl\u0131\u011fa zararl\u0131 hi\u00e7 bir malzeme kullan\u0131lmam\u0131\u015ft\u0131r. Tamamen El Eme\u011fi<\/p>\n","protected":false},"featured_media":1221,"template":"","meta":{"_monsterinsights_skip_tracking":false,"_monsterinsights_sitenote_active":false,"_monsterinsights_sitenote_note":"","_monsterinsights_sitenote_category":0,"advanced_seo_description":"","jetpack_seo_html_title":"","jetpack_seo_noindex":false},"product_brand":[],"product_cat":[54],"product_tag":[],"class_list":{"0":"post-1164","1":"product","2":"type-product","3":"status-publish","4":"has-post-thumbnail","6":"product_cat-kol-cantasi","8":"first","9":"instock","10":"taxable","11":"shipping-taxable","12":"purchasable","13":"product-type-simple"},"jetpack_sharing_enabled":true,"_links":{"self":[{"href":"https:\/\/elisihediyem.com\/index.php\/wp-json\/wp\/v2\/product\/1164","targetHints":{"allow":["GET"]}}],"collection":[{"href":"https:\/\/elisihediyem.com\/index.php\/wp-json\/wp\/v2\/product"}],"about":[{"href":"https:\/\/elisihediyem.com\/index.php\/wp-json\/wp\/v2\/types\/product"}],"version-history":[{"count":0,"href":"https:\/\/elisihediyem.com\/index.php\/wp-json\/wp\/v2\/product\/1164\/revisions"}],"wp:featuredmedia":[{"embeddable":true,"href":"https:\/\/elisihediyem.com\/index.php\/wp-json\/wp\/v2\/media\/1221"}],"wp:attachment":[{"href":"https:\/\/elisihediyem.com\/index.php\/wp-json\/wp\/v2\/media?parent=1164"}],"wp:term":[{"taxonomy":"product_brand","embeddable":true,"href":"https:\/\/elisihediyem.com\/index.php\/wp-json\/wp\/v2\/product_brand?post=1164"},{"taxonomy":"product_cat","embeddable":true,"href":"https:\/\/elisihediyem.com\/index.php\/wp-json\/wp\/v2\/product_cat?post=1164"},{"taxonomy":"product_tag","embeddable":true,"href":"https:\/\/elisihediyem.com\/index.php\/wp-json\/wp\/v2\/product_tag?post=1164"}],"curies":[{"name":"wp","href":"https:\/\/api.w.org\/{rel}","templated":true}]}}