{"id":1207,"date":"2024-10-15T22:38:34","date_gmt":"2024-10-15T22:38:34","guid":{"rendered":"https:\/\/elisihediyem.com\/?post_type=product&#038;p=1207"},"modified":"2025-08-27T19:31:18","modified_gmt":"2025-08-27T19:31:18","slug":"bayan-tress-ip-sapka-2","status":"publish","type":"product","link":"https:\/\/elisihediyem.com\/index.php\/urun\/bayan-tress-ip-sapka-2\/","title":{"rendered":"Bayan Tress \u0130p \u015eapka"},"content":{"rendered":"<p>El eme\u011fi \u00f6zenle haz\u0131rlanan \u015f\u0131k fu\u015fya renk \u015fapka.\u0130stenilen renk ve \u00f6l\u00e7\u00fcler de yap\u0131l\u0131r.<\/p>\n","protected":false},"excerpt":{"rendered":"<p>El eme\u011fi \u00f6zenle haz\u0131rlanan \u015f\u0131k fu\u015fya renk \u015fapka.\u0130stenilen renk ve \u00f6l\u00e7\u00fcler de yap\u0131l\u0131r.<\/p>\n","protected":false},"featured_media":0,"template":"","meta":{"content-type":"","_monsterinsights_skip_tracking":false,"_monsterinsights_sitenote_active":false,"_monsterinsights_sitenote_note":"","_monsterinsights_sitenote_category":0,"advanced_seo_description":"","jetpack_seo_html_title":"","jetpack_seo_noindex":false},"product_brand":[],"product_cat":[294],"product_tag":[],"class_list":{"0":"post-1207","1":"product","2":"type-product","3":"status-publish","5":"product_cat-genel","7":"first","8":"instock","9":"taxable","10":"shipping-taxable","11":"purchasable","12":"product-type-simple"},"jetpack_sharing_enabled":true,"_links":{"self":[{"href":"https:\/\/elisihediyem.com\/index.php\/wp-json\/wp\/v2\/product\/1207","targetHints":{"allow":["GET"]}}],"collection":[{"href":"https:\/\/elisihediyem.com\/index.php\/wp-json\/wp\/v2\/product"}],"about":[{"href":"https:\/\/elisihediyem.com\/index.php\/wp-json\/wp\/v2\/types\/product"}],"version-history":[{"count":0,"href":"https:\/\/elisihediyem.com\/index.php\/wp-json\/wp\/v2\/product\/1207\/revisions"}],"wp:attachment":[{"href":"https:\/\/elisihediyem.com\/index.php\/wp-json\/wp\/v2\/media?parent=1207"}],"wp:term":[{"taxonomy":"product_brand","embeddable":true,"href":"https:\/\/elisihediyem.com\/index.php\/wp-json\/wp\/v2\/product_brand?post=1207"},{"taxonomy":"product_cat","embeddable":true,"href":"https:\/\/elisihediyem.com\/index.php\/wp-json\/wp\/v2\/product_cat?post=1207"},{"taxonomy":"product_tag","embeddable":true,"href":"https:\/\/elisihediyem.com\/index.php\/wp-json\/wp\/v2\/product_tag?post=1207"}],"curies":[{"name":"wp","href":"https:\/\/api.w.org\/{rel}","templated":true}]}}