{"id":1208,"date":"2024-10-15T22:38:34","date_gmt":"2024-10-15T22:38:34","guid":{"rendered":"https:\/\/elisihediyem.com\/?post_type=product&#038;p=1208"},"modified":"2026-02-09T06:45:18","modified_gmt":"2026-02-09T06:45:18","slug":"bayan-kol-cantasi","status":"publish","type":"product","link":"https:\/\/elisihediyem.com\/index.php\/urun\/bayan-kol-cantasi\/","title":{"rendered":"Bayan Kol \u00c7antas\u0131"},"content":{"rendered":"<p>El eme\u011fi i\u00e7i geni\u015f ve kullan\u0131\u015fl\u0131 krem tonlar\u0131 jut ip kol \u00e7antas\u0131.<\/p>\n","protected":false},"excerpt":{"rendered":"<p>El eme\u011fi i\u00e7i geni\u015f ve kullan\u0131\u015fl\u0131 krem tonlar\u0131 jut ip kol \u00e7antas\u0131.<\/p>\n","protected":false},"featured_media":1267,"template":"","meta":{"_acf_changed":false,"content-type":""},"pwb-brand":[],"product_brand":[],"product_cat":[54],"product_tag":[],"class_list":{"0":"post-1208","1":"product","2":"type-product","3":"status-publish","4":"has-post-thumbnail","6":"product_cat-kol-cantasi","8":"first","9":"instock","10":"taxable","11":"shipping-taxable","12":"purchasable","13":"product-type-simple"},"acf":[],"brands":[],"_links":{"self":[{"href":"https:\/\/elisihediyem.com\/index.php\/wp-json\/wp\/v2\/product\/1208","targetHints":{"allow":["GET"]}}],"collection":[{"href":"https:\/\/elisihediyem.com\/index.php\/wp-json\/wp\/v2\/product"}],"about":[{"href":"https:\/\/elisihediyem.com\/index.php\/wp-json\/wp\/v2\/types\/product"}],"version-history":[{"count":0,"href":"https:\/\/elisihediyem.com\/index.php\/wp-json\/wp\/v2\/product\/1208\/revisions"}],"wp:featuredmedia":[{"embeddable":true,"href":"https:\/\/elisihediyem.com\/index.php\/wp-json\/wp\/v2\/media\/1267"}],"wp:attachment":[{"href":"https:\/\/elisihediyem.com\/index.php\/wp-json\/wp\/v2\/media?parent=1208"}],"wp:term":[{"taxonomy":"pwb-brand","embeddable":true,"href":"https:\/\/elisihediyem.com\/index.php\/wp-json\/wp\/v2\/pwb-brand?post=1208"},{"taxonomy":"product_brand","embeddable":true,"href":"https:\/\/elisihediyem.com\/index.php\/wp-json\/wp\/v2\/product_brand?post=1208"},{"taxonomy":"product_cat","embeddable":true,"href":"https:\/\/elisihediyem.com\/index.php\/wp-json\/wp\/v2\/product_cat?post=1208"},{"taxonomy":"product_tag","embeddable":true,"href":"https:\/\/elisihediyem.com\/index.php\/wp-json\/wp\/v2\/product_tag?post=1208"}],"curies":[{"name":"wp","href":"https:\/\/api.w.org\/{rel}","templated":true}]}}