{"id":1213,"date":"2024-10-15T22:38:34","date_gmt":"2024-10-15T22:38:34","guid":{"rendered":"https:\/\/elisihediyem.com\/?post_type=product&#038;p=1213"},"modified":"2025-08-27T19:31:18","modified_gmt":"2025-08-27T19:31:18","slug":"runner-masa-ortusu","status":"publish","type":"product","link":"https:\/\/elisihediyem.com\/index.php\/urun\/runner-masa-ortusu\/","title":{"rendered":"Runner Masa \u00d6rt\u00fcs\u00fc"},"content":{"rendered":"<p>Masalar\u0131n\u0131za \u015f\u0131kl\u0131k katacak evinizin havas\u0131n\u0131 de\u011fi\u015ftirecek runner masa \u00f6rt\u00fcs\u00fc krem renk simli tress iple dikildi.<\/p>\n","protected":false},"excerpt":{"rendered":"<p>Masalar\u0131n\u0131za \u015f\u0131kl\u0131k katacak evinizin havas\u0131n\u0131 de\u011fi\u015ftirecek runner masa \u00f6rt\u00fcs\u00fc krem renk simli tress iple dikildi.<\/p>\n","protected":false},"featured_media":1293,"template":"","meta":{"_acf_changed":false,"content-type":""},"pwb-brand":[],"product_brand":[],"product_cat":[52],"product_tag":[],"class_list":{"0":"post-1213","1":"product","2":"type-product","3":"status-publish","4":"has-post-thumbnail","6":"product_cat-suplarunner","8":"first","9":"instock","10":"taxable","11":"shipping-taxable","12":"purchasable","13":"product-type-simple"},"acf":[],"brands":[],"_links":{"self":[{"href":"https:\/\/elisihediyem.com\/index.php\/wp-json\/wp\/v2\/product\/1213","targetHints":{"allow":["GET"]}}],"collection":[{"href":"https:\/\/elisihediyem.com\/index.php\/wp-json\/wp\/v2\/product"}],"about":[{"href":"https:\/\/elisihediyem.com\/index.php\/wp-json\/wp\/v2\/types\/product"}],"version-history":[{"count":0,"href":"https:\/\/elisihediyem.com\/index.php\/wp-json\/wp\/v2\/product\/1213\/revisions"}],"wp:featuredmedia":[{"embeddable":true,"href":"https:\/\/elisihediyem.com\/index.php\/wp-json\/wp\/v2\/media\/1293"}],"wp:attachment":[{"href":"https:\/\/elisihediyem.com\/index.php\/wp-json\/wp\/v2\/media?parent=1213"}],"wp:term":[{"taxonomy":"pwb-brand","embeddable":true,"href":"https:\/\/elisihediyem.com\/index.php\/wp-json\/wp\/v2\/pwb-brand?post=1213"},{"taxonomy":"product_brand","embeddable":true,"href":"https:\/\/elisihediyem.com\/index.php\/wp-json\/wp\/v2\/product_brand?post=1213"},{"taxonomy":"product_cat","embeddable":true,"href":"https:\/\/elisihediyem.com\/index.php\/wp-json\/wp\/v2\/product_cat?post=1213"},{"taxonomy":"product_tag","embeddable":true,"href":"https:\/\/elisihediyem.com\/index.php\/wp-json\/wp\/v2\/product_tag?post=1213"}],"curies":[{"name":"wp","href":"https:\/\/api.w.org\/{rel}","templated":true}]}}