{"id":1328,"date":"2024-10-15T22:40:42","date_gmt":"2024-10-15T22:40:42","guid":{"rendered":"https:\/\/elisihediyem.com\/?post_type=product&#038;p=1328"},"modified":"2025-08-27T19:31:11","modified_gmt":"2025-08-27T19:31:11","slug":"bayan-canta","status":"publish","type":"product","link":"https:\/\/elisihediyem.com\/index.php\/urun\/bayan-canta\/","title":{"rendered":"Bayan \u00c7anta"},"content":{"rendered":"<p>Tress ipten el eme\u011fi g\u00f6z nuru makine diki\u015fli deri kapakl\u0131  \u015f\u0131k bayan \u00e7anta.<\/p>\n<p>Sizde sevdiklerine g\u00f6n\u00fcl rahatl\u0131\u011f\u0131yla hediye edebilece\u011finiz bu \u00e7antay\u0131 hediye edin.<\/p>\n","protected":false},"excerpt":{"rendered":"<p>Tress ipten el eme\u011fi g\u00f6z nuru makine diki\u015fli \u015f\u0131k bayan \u00e7anta.<\/p>\n","protected":false},"featured_media":1394,"template":"","meta":{"_monsterinsights_skip_tracking":false,"_monsterinsights_sitenote_active":false,"_monsterinsights_sitenote_note":"","_monsterinsights_sitenote_category":0,"advanced_seo_description":"","jetpack_seo_html_title":"","jetpack_seo_noindex":false},"product_brand":[],"product_cat":[54],"product_tag":[73,74,75],"class_list":{"0":"post-1328","1":"product","2":"type-product","3":"status-publish","4":"has-post-thumbnail","6":"product_cat-kol-cantasi","7":"product_tag-bayan-canta","8":"product_tag-kadin-canta","9":"product_tag-tress-ip-canta","11":"first","12":"instock","13":"taxable","14":"shipping-taxable","15":"purchasable","16":"product-type-simple"},"jetpack_sharing_enabled":true,"_links":{"self":[{"href":"https:\/\/elisihediyem.com\/index.php\/wp-json\/wp\/v2\/product\/1328","targetHints":{"allow":["GET"]}}],"collection":[{"href":"https:\/\/elisihediyem.com\/index.php\/wp-json\/wp\/v2\/product"}],"about":[{"href":"https:\/\/elisihediyem.com\/index.php\/wp-json\/wp\/v2\/types\/product"}],"version-history":[{"count":0,"href":"https:\/\/elisihediyem.com\/index.php\/wp-json\/wp\/v2\/product\/1328\/revisions"}],"wp:featuredmedia":[{"embeddable":true,"href":"https:\/\/elisihediyem.com\/index.php\/wp-json\/wp\/v2\/media\/1394"}],"wp:attachment":[{"href":"https:\/\/elisihediyem.com\/index.php\/wp-json\/wp\/v2\/media?parent=1328"}],"wp:term":[{"taxonomy":"product_brand","embeddable":true,"href":"https:\/\/elisihediyem.com\/index.php\/wp-json\/wp\/v2\/product_brand?post=1328"},{"taxonomy":"product_cat","embeddable":true,"href":"https:\/\/elisihediyem.com\/index.php\/wp-json\/wp\/v2\/product_cat?post=1328"},{"taxonomy":"product_tag","embeddable":true,"href":"https:\/\/elisihediyem.com\/index.php\/wp-json\/wp\/v2\/product_tag?post=1328"}],"curies":[{"name":"wp","href":"https:\/\/api.w.org\/{rel}","templated":true}]}}