{"id":1447,"date":"2024-10-15T22:42:33","date_gmt":"2024-10-15T22:42:33","guid":{"rendered":"https:\/\/elisihediyem.com\/?post_type=product&#038;p=1447"},"modified":"2026-02-09T06:44:20","modified_gmt":"2026-02-09T06:44:20","slug":"kadin-canta-tress-ip-detayli-kol-omuz-cantasi-16","status":"publish","type":"product","link":"https:\/\/elisihediyem.com\/index.php\/urun\/kadin-canta-tress-ip-detayli-kol-omuz-cantasi-16\/","title":{"rendered":"Kad\u0131n \u00c7anta Tress Ip Detayl\u0131 Kol Omuz \u00c7antas\u0131"},"content":{"rendered":"<p><!-- --><\/p>\n<p>\u015e\u0131k 2024 yeni sezon hem kol hem plaj \u00e7antas\u0131.Kumsallar\u0131 renklendirecek kullan\u0131\u015fl\u0131 renkli plaj \u00e7antas\u0131n\u0131 bizimle ileti\u015fime ge\u00e7erek istenilen \u00f6l\u00e7\u00fclerde temin edebilirsiniz.<\/p>\n<p style=\"margin:0px0px1.41575em;line-height:1.55;font-size:14px;font-family:\">Tress ipten Makinede Dikilerek Elde \u00dcretilmistir.<\/p>\n<div style=\"font-family:\">\n<p style=\"margin:0px0px1.41575em;line-height:1.55;font-size:14px\">30 derecede hassas y\u0131kama yap\u0131labilir.<\/p>\n<div>\n<div>\n<p style=\"margin:0px0px1.41575em;line-height:1.55;font-size:14px\">Sa\u011fl\u0131\u011fa zararl\u0131 hi\u00e7 bir malzeme kullan\u0131lmam\u0131\u015ft\u0131r.<\/p>\n<div>Tamamen El Eme\u011fi ile Haz\u0131rlanm\u0131\u015ft\u0131r.<\/p>\n<p>\u00d6l\u00e7\u00fcler<\/p>\n<p>Boy:25cm<\/p>\n<p>En:44cm<\/p>\n<p>Geni\u015flik:15cm<\/p><\/div>\n<\/div>\n<\/div>\n<\/div>\n","protected":false},"excerpt":{"rendered":"<p>\u015e\u0131k 2024 yeni sezon hem kol hem plaj \u00e7antas\u0131.Kumsallar\u0131 renklendirecek kullan\u0131\u015fl\u0131 renkli plaj \u00e7antas\u0131n\u0131 bizimle ileti\u015fime ge\u00e7erek istenilen \u00f6l\u00e7\u00fclerde temin edebilirsiniz.<\/p>\n<p style=\"margin:0px0px1.41575em;line-height:1.55;font-size:14px;font-family:\">Tress ipten Makinede Dikilerek Elde \u00dcretilmistir.<\/p>\n<div style=\"font-family:\">\n<p style=\"margin:0px0px1.41575em;line-height:1.55;font-size:14px\">30 derecede hassas y\u0131kama yap\u0131labilir.<\/p>\n<div>\n<div>\n<p style=\"margin:0px0px1.41575em;line-height:1.55;font-size:14px\">Sa\u011fl\u0131\u011fa zararl\u0131 hi\u00e7 bir malzeme kullan\u0131lmam\u0131\u015ft\u0131r.<\/p>\n<div>Tamamen El Eme\u011fi ile Haz\u0131rlanm\u0131\u015ft\u0131r.<\/p>\n<p>\u00d6l\u00e7\u00fcler<\/p>\n<p>Boy:25cm<\/p>\n<p>En:44cm<\/p>\n<p>Geni\u015flik:15cm<\/p><\/div>\n<\/div>\n<\/div>\n<\/div>\n","protected":false},"featured_media":1538,"template":"","meta":{"_acf_changed":false,"content-type":""},"pwb-brand":[],"product_brand":[],"product_cat":[77],"product_tag":[73,57,58,76,63,74,78],"class_list":{"0":"post-1447","1":"product","2":"type-product","3":"status-publish","4":"has-post-thumbnail","6":"product_cat-plaj-cantasi","7":"product_tag-bayan-canta","8":"product_tag-el-emegi-goz-nuru-hediye","9":"product_tag-elisihediyem","10":"product_tag-hediye-canta","11":"product_tag-kadin-askili-canta","12":"product_tag-kadin-canta","13":"product_tag-plaj-cantasi","15":"first","16":"instock","17":"taxable","18":"shipping-taxable","19":"purchasable","20":"product-type-simple"},"acf":[],"brands":[],"_links":{"self":[{"href":"https:\/\/elisihediyem.com\/index.php\/wp-json\/wp\/v2\/product\/1447","targetHints":{"allow":["GET"]}}],"collection":[{"href":"https:\/\/elisihediyem.com\/index.php\/wp-json\/wp\/v2\/product"}],"about":[{"href":"https:\/\/elisihediyem.com\/index.php\/wp-json\/wp\/v2\/types\/product"}],"version-history":[{"count":0,"href":"https:\/\/elisihediyem.com\/index.php\/wp-json\/wp\/v2\/product\/1447\/revisions"}],"wp:featuredmedia":[{"embeddable":true,"href":"https:\/\/elisihediyem.com\/index.php\/wp-json\/wp\/v2\/media\/1538"}],"wp:attachment":[{"href":"https:\/\/elisihediyem.com\/index.php\/wp-json\/wp\/v2\/media?parent=1447"}],"wp:term":[{"taxonomy":"pwb-brand","embeddable":true,"href":"https:\/\/elisihediyem.com\/index.php\/wp-json\/wp\/v2\/pwb-brand?post=1447"},{"taxonomy":"product_brand","embeddable":true,"href":"https:\/\/elisihediyem.com\/index.php\/wp-json\/wp\/v2\/product_brand?post=1447"},{"taxonomy":"product_cat","embeddable":true,"href":"https:\/\/elisihediyem.com\/index.php\/wp-json\/wp\/v2\/product_cat?post=1447"},{"taxonomy":"product_tag","embeddable":true,"href":"https:\/\/elisihediyem.com\/index.php\/wp-json\/wp\/v2\/product_tag?post=1447"}],"curies":[{"name":"wp","href":"https:\/\/api.w.org\/{rel}","templated":true}]}}