{"id":1553,"date":"2024-10-15T22:45:19","date_gmt":"2024-10-15T22:45:19","guid":{"rendered":"https:\/\/elisihediyem.com\/?post_type=product&#038;p=1553"},"modified":"2025-08-27T19:31:22","modified_gmt":"2025-08-27T19:31:22","slug":"amerikan-servis-supla-kampanya","status":"publish","type":"product","link":"https:\/\/elisihediyem.com\/index.php\/urun\/amerikan-servis-supla-kampanya\/","title":{"rendered":"Amerikan Servis Supla (Kampanya)"},"content":{"rendered":"<ul>\n<li>1 par\u00e7adan olu\u015fmaktad\u0131r<\/li>\n<li>Kaliteli tires ipten el yap\u0131m\u0131d\u0131r<\/li>\n<li>\u00c7ama\u015f\u0131r makinesinde y\u0131kanabilir(L\u00fctfen d\u00fc\u015f\u00fck devir ve 40 derece s\u0131cakl\u0131kta y\u0131kay\u0131n\u0131z)<\/li>\n<li>Renklerde solma yapmaz. Piyasada bulunan ucuz ithal fabrikasyon \u00fcr\u00fcnlerle kar\u0131\u015ft\u0131rmay\u0131n.<\/li>\n<\/ul>\n<p>Tak\u0131m i\u00e7eri\u011fi:<\/p>\n<ul>\n<li>1 adet supla\u00a0<\/li>\n<\/ul>\n\n\n<p><\/p>\n","protected":false},"excerpt":{"rendered":"<p>1 adet amerikan servis supla<\/p>\n<p style=\"margin-top:0px;margin-right:0px;margin-bottom:var(--wd-tags-mb);margin-left:0px;padding:0px;border:0px;vertical-align:baseline;font-style:normal;font-weight:400;line-height:inherit;font-family:Cabin,Arial,Helvetica,sans-serif;font-size:16px;letter-spacing:normal;text-transform:none;text-align:left\">Polyester silinebilir 1.s\u0131n\u0131f malzemeden el eme\u011fi g\u00f6z nuru \u00fcretimdir.<\/p>\n<p style=\"margin:0px;padding:0px;border:0px;vertical-align:baseline;font-style:normal;font-weight:400;line-height:inherit;font-family:Cabin,Arial,Helvetica,sans-serif;font-size:16px;letter-spacing:normal;text-transform:none;text-align:left\">Firman\u0131za \u00f6zel etiket \u00e7al\u0131\u015fmam\u0131z vard\u0131r.<\/p>\n","protected":false},"featured_media":1635,"template":"","meta":{"_monsterinsights_skip_tracking":false,"_monsterinsights_sitenote_active":false,"_monsterinsights_sitenote_note":"","_monsterinsights_sitenote_category":0,"advanced_seo_description":"","jetpack_seo_html_title":"","jetpack_seo_noindex":false},"product_brand":[],"product_cat":[52],"product_tag":[80,81],"class_list":{"0":"post-1553","1":"product","2":"type-product","3":"status-publish","4":"has-post-thumbnail","6":"product_cat-suplarunner","7":"product_tag-amerikan-servis-takimi","8":"product_tag-supla-takimi","10":"first","11":"instock","12":"taxable","13":"shipping-taxable","14":"purchasable","15":"product-type-variable"},"jetpack_sharing_enabled":true,"_links":{"self":[{"href":"https:\/\/elisihediyem.com\/index.php\/wp-json\/wp\/v2\/product\/1553","targetHints":{"allow":["GET"]}}],"collection":[{"href":"https:\/\/elisihediyem.com\/index.php\/wp-json\/wp\/v2\/product"}],"about":[{"href":"https:\/\/elisihediyem.com\/index.php\/wp-json\/wp\/v2\/types\/product"}],"version-history":[{"count":0,"href":"https:\/\/elisihediyem.com\/index.php\/wp-json\/wp\/v2\/product\/1553\/revisions"}],"wp:featuredmedia":[{"embeddable":true,"href":"https:\/\/elisihediyem.com\/index.php\/wp-json\/wp\/v2\/media\/1635"}],"wp:attachment":[{"href":"https:\/\/elisihediyem.com\/index.php\/wp-json\/wp\/v2\/media?parent=1553"}],"wp:term":[{"taxonomy":"product_brand","embeddable":true,"href":"https:\/\/elisihediyem.com\/index.php\/wp-json\/wp\/v2\/product_brand?post=1553"},{"taxonomy":"product_cat","embeddable":true,"href":"https:\/\/elisihediyem.com\/index.php\/wp-json\/wp\/v2\/product_cat?post=1553"},{"taxonomy":"product_tag","embeddable":true,"href":"https:\/\/elisihediyem.com\/index.php\/wp-json\/wp\/v2\/product_tag?post=1553"}],"curies":[{"name":"wp","href":"https:\/\/api.w.org\/{rel}","templated":true}]}}