{"id":2033,"date":"2024-11-02T22:46:06","date_gmt":"2024-11-02T22:46:06","guid":{"rendered":"https:\/\/elisihediyem.com\/?post_type=product&#038;p=2033"},"modified":"2025-12-31T12:36:07","modified_gmt":"2025-12-31T12:36:07","slug":"amerikan-servis-supla-takimi-7","status":"publish","type":"product","link":"https:\/\/elisihediyem.com\/index.php\/urun\/amerikan-servis-supla-takimi-7\/","title":{"rendered":"Amerikan Servis Supla Tak\u0131m\u0131"},"content":{"rendered":"<p>Amerikan Servis Supla Tak\u0131m\u0131+Ekmek Sepeti+Nihale+Pe\u00e7etelik+Berdak Altl\u0131\u011f\u0131<\/p>\n<p>6 Supla Tabak Altl\u0131\u011f\u0131 32 cm<\/p>\n<p>6 Bardak Altl\u0131\u011f\u0131<\/p>\n<p>1 Ekmek Sepeti<\/p>\n<p>1 Nihale<\/p>\n<p>Polyester silinebilir 1.s\u0131n\u0131f malzemeden el eme\u011fi g\u00f6z nuru \u00fcretimdir.<\/p>\n<p>Firman\u0131za \u00f6zel etiket \u00e7al\u0131\u015fmam\u0131z vard\u0131r.<\/p>\n","protected":false},"excerpt":{"rendered":"<p>Amerikan Servis Supla Tak\u0131m\u0131+Ekmek Sepeti+Nihale+Pe\u00e7etelik+Berdak Altl\u0131\u011f\u0131<\/p>\n<p>6 Supla Tabak Altl\u0131\u011f\u0131 32 cm<\/p>\n<p>6 Bardak Altl\u0131\u011f\u0131<\/p>\n<p>1 Ekmek Sepeti<\/p>\n<p>1 Nihale<\/p>\n<p>Polyester silinebilir 1.s\u0131n\u0131f malzemeden el eme\u011fi g\u00f6z nuru \u00fcretimdir.<\/p>\n<p>Firman\u0131za \u00f6zel etiket \u00e7al\u0131\u015fmam\u0131z vard\u0131r.<\/p>\n","protected":false},"featured_media":2032,"template":"","meta":{"_monsterinsights_skip_tracking":false,"_monsterinsights_sitenote_active":false,"_monsterinsights_sitenote_note":"","_monsterinsights_sitenote_category":0,"advanced_seo_description":"","jetpack_seo_html_title":"","jetpack_seo_noindex":false},"product_brand":[],"product_cat":[52],"product_tag":[],"class_list":{"0":"post-2033","1":"product","2":"type-product","3":"status-publish","4":"has-post-thumbnail","6":"product_cat-suplarunner","8":"first","9":"instock","10":"sale","11":"taxable","12":"shipping-taxable","13":"purchasable","14":"product-type-variable"},"jetpack_sharing_enabled":true,"_links":{"self":[{"href":"https:\/\/elisihediyem.com\/index.php\/wp-json\/wp\/v2\/product\/2033","targetHints":{"allow":["GET"]}}],"collection":[{"href":"https:\/\/elisihediyem.com\/index.php\/wp-json\/wp\/v2\/product"}],"about":[{"href":"https:\/\/elisihediyem.com\/index.php\/wp-json\/wp\/v2\/types\/product"}],"version-history":[{"count":1,"href":"https:\/\/elisihediyem.com\/index.php\/wp-json\/wp\/v2\/product\/2033\/revisions"}],"predecessor-version":[{"id":18909,"href":"https:\/\/elisihediyem.com\/index.php\/wp-json\/wp\/v2\/product\/2033\/revisions\/18909"}],"wp:featuredmedia":[{"embeddable":true,"href":"https:\/\/elisihediyem.com\/index.php\/wp-json\/wp\/v2\/media\/2032"}],"wp:attachment":[{"href":"https:\/\/elisihediyem.com\/index.php\/wp-json\/wp\/v2\/media?parent=2033"}],"wp:term":[{"taxonomy":"product_brand","embeddable":true,"href":"https:\/\/elisihediyem.com\/index.php\/wp-json\/wp\/v2\/product_brand?post=2033"},{"taxonomy":"product_cat","embeddable":true,"href":"https:\/\/elisihediyem.com\/index.php\/wp-json\/wp\/v2\/product_cat?post=2033"},{"taxonomy":"product_tag","embeddable":true,"href":"https:\/\/elisihediyem.com\/index.php\/wp-json\/wp\/v2\/product_tag?post=2033"}],"curies":[{"name":"wp","href":"https:\/\/api.w.org\/{rel}","templated":true}]}}