{"id":2066,"date":"2024-11-16T08:25:10","date_gmt":"2024-11-16T08:25:10","guid":{"rendered":"https:\/\/elisihediyem.com\/index.php\/urun\/product\/"},"modified":"2025-08-27T19:31:10","modified_gmt":"2025-08-27T19:31:10","slug":"product","status":"publish","type":"product","link":"https:\/\/elisihediyem.com\/index.php\/urun\/product\/","title":{"rendered":"Supla Amerikan Servis Tabak Altl\u0131\u011f\u0131"},"content":{"rendered":"<p style=\"margin: 0px; padding: 8px0px;\">Eli\u015fihediyem 6&#8217;l\u0131 Has\u0131r Supla Amerikan Servis Tabak Altl\u0131\u011f\u0131 31 Cm+18 cm ekmeklik+Nihale+Pe\u00e7etelik<\/p>\n<div style=\"margin: 0px; padding: 0px;\">T\u00fcm \u00dcr\u00fcnlerimiz 1.S\u0131n\u0131f Kaliteli Malzeme ve \u0130s\u00e7ilikle \u0130mal Edilmektedir.Ticari Anlay\u0131\u015f\u0131m\u0131z Her Zaman Ayn\u0131d\u0131r.<\/div>\n<div style=\"margin: 0px; padding: 0px;\">\u00dcR\u00dcNLER S\u0130Z TESL\u0130M ALIP BE\u011eENENE KADAR B\u0130ZE A\u0130TT\u0130R TAK\u0130 S\u0130Z BE\u011eENENE KADAR.<\/div>\n","protected":false},"excerpt":{"rendered":"<p style=\"margin: 0px; padding: 8px0px;\">Eli\u015fihediyem 6&#8217;l\u0131 Has\u0131r Supla Amerikan Servis Tabak Altl\u0131\u011f\u0131 31 Cm+18 cm ekmeklik+Nihale+Pe\u00e7etelik<\/p>\n<div style=\"margin: 0px; padding: 0px;\">T\u00fcm \u00dcr\u00fcnlerimiz 1.S\u0131n\u0131f Kaliteli Malzeme ve \u0130s\u00e7ilikle \u0130mal Edilmektedir.Ticari Anlay\u0131\u015f\u0131m\u0131z Her Zaman Ayn\u0131d\u0131r.<\/div>\n<div style=\"margin: 0px; padding: 0px;\">\u00dcR\u00dcNLER S\u0130Z TESL\u0130M ALIP BE\u011eENENE KADAR B\u0130ZE A\u0130TT\u0130R TAK\u0130 S\u0130Z BE\u011eENENE KADAR.<\/div>\n","protected":false},"featured_media":2064,"template":"","meta":{"_monsterinsights_skip_tracking":false,"_monsterinsights_sitenote_active":false,"_monsterinsights_sitenote_note":"","_monsterinsights_sitenote_category":0,"advanced_seo_description":"","jetpack_seo_html_title":"","jetpack_seo_noindex":false},"product_brand":[],"product_cat":[52],"product_tag":[80,81,109],"class_list":{"0":"post-2066","1":"product","2":"type-product","3":"status-publish","4":"has-post-thumbnail","6":"product_cat-suplarunner","7":"product_tag-amerikan-servis-takimi","8":"product_tag-supla-takimi","9":"product_tag-yilbasi-hediye-sepeti","11":"first","12":"instock","13":"taxable","14":"shipping-taxable","15":"purchasable","16":"product-type-simple"},"jetpack_sharing_enabled":true,"_links":{"self":[{"href":"https:\/\/elisihediyem.com\/index.php\/wp-json\/wp\/v2\/product\/2066","targetHints":{"allow":["GET"]}}],"collection":[{"href":"https:\/\/elisihediyem.com\/index.php\/wp-json\/wp\/v2\/product"}],"about":[{"href":"https:\/\/elisihediyem.com\/index.php\/wp-json\/wp\/v2\/types\/product"}],"version-history":[{"count":2,"href":"https:\/\/elisihediyem.com\/index.php\/wp-json\/wp\/v2\/product\/2066\/revisions"}],"predecessor-version":[{"id":2564,"href":"https:\/\/elisihediyem.com\/index.php\/wp-json\/wp\/v2\/product\/2066\/revisions\/2564"}],"wp:featuredmedia":[{"embeddable":true,"href":"https:\/\/elisihediyem.com\/index.php\/wp-json\/wp\/v2\/media\/2064"}],"wp:attachment":[{"href":"https:\/\/elisihediyem.com\/index.php\/wp-json\/wp\/v2\/media?parent=2066"}],"wp:term":[{"taxonomy":"product_brand","embeddable":true,"href":"https:\/\/elisihediyem.com\/index.php\/wp-json\/wp\/v2\/product_brand?post=2066"},{"taxonomy":"product_cat","embeddable":true,"href":"https:\/\/elisihediyem.com\/index.php\/wp-json\/wp\/v2\/product_cat?post=2066"},{"taxonomy":"product_tag","embeddable":true,"href":"https:\/\/elisihediyem.com\/index.php\/wp-json\/wp\/v2\/product_tag?post=2066"}],"curies":[{"name":"wp","href":"https:\/\/api.w.org\/{rel}","templated":true}]}}